{"id":6,"date":"2016-05-18T15:20:56","date_gmt":"2016-05-18T14:20:56","guid":{"rendered":"https:\/\/www.transport-bourdon.com\/?page_id=6"},"modified":"2022-04-20T22:29:52","modified_gmt":"2022-04-20T21:29:52","slug":"demenageur","status":"publish","type":"page","link":"https:\/\/www.transport-bourdon.com\/","title":{"rendered":"Demenageur"},"content":{"rendered":"<h2>La place du devis d\u00e9m\u00e9nagement dans un d\u00e9m\u00e9nagement<\/h2>\n<p>Compte tenu de la place pr\u00e9pond\u00e9rante qu&#8217;occupe le devis d\u00e9m\u00e9nagement dans un d\u00e9m\u00e9nagement, et malgr\u00e9 le fait qu&#8217;il soit souvent omis \u00e0 tort de le faire, nous vous offrons la possibilit\u00e9 de r\u00e9aliser un devis d\u00e9m\u00e9nagement gratuitement.<\/p>\n<p>En outre, la plupart des individus qui pratiquent un d\u00e9m\u00e9nagement ne sont pas pr\u00e9par\u00e9 en cons\u00e9quence \u00e0 faire face \u00e0 tous les co\u00fbts financiers que peut engendrer un d\u00e9m\u00e9nagement. C&#8217;est l\u00e0 qu&#8217;est l&#8217;importance du devis d\u00e9m\u00e9nagement ; car ce dernier vous pr\u00e9pare en cons\u00e9quence aux diff\u00e9rents frais qui sont susceptibles de faire leur apparition. En effet, en r\u00e9alisant un devis d\u00e9m\u00e9nagement, vous obtenez une id\u00e9e approximative des co\u00fbts qui seront engendr\u00e9s lors de votre d\u00e9m\u00e9nagement ; du coup vous avez le temps de vous pr\u00e9parer en cons\u00e9quence. Ce co\u00fbt vous est fourni sur la base des informations que vous avez fournies lors du remplissage du formulaire. D&#8217;o\u00f9 la n\u00e9cessit\u00e9 de fournir des informations fiables, pour un devis fiable. Par ailleurs, les informations que vous devez fournir g\u00e9n\u00e9ralement lors du remplissage du formulaire sont votre nom et pr\u00e9nom, num\u00e9ro de t\u00e9l\u00e9phone, vos adresses (celle d&#8217;exp\u00e9dition et celle de destination), la date du d\u00e9m\u00e9nagement, la quantit\u00e9 de mobilier \u00e0 transporter, la pr\u00e9sence ou non d&#8217;objets fragiles ou sp\u00e9cifiques, et bien plus encore. En outre, le devis d\u00e9m\u00e9nagement occupe une place importante dans le processus de d\u00e9m\u00e9nagement.<\/p>\n<h2>Bon \u00e0 savoir avant de d\u00e9m\u00e9nager<\/h2>\n<p>Tout demenagement est soumis au respect de certaines conditions. En outre, ces conditions peuvent varier d&#8217;une commune \u00e0 l&#8217;autre ; par cons\u00e9quent il est judicieux de se rendre aupr\u00e8s de la mairie de la commune en question pour plus de renseignements. En g\u00e9n\u00e9ral, il est demand\u00e9 de soumettre \u00e0 l&#8217;attention du service comp\u00e9tent de la mairie qui a cette fonction dans ses attributions une demande d&#8217;utilisation temporaire de la voie publique. Pourquoi ? La voie publique est une propri\u00e9t\u00e9 de l&#8217;\u00c9tat ; du coup, son utilisation par des particuliers doit faire l&#8217;objet d&#8217;une demande aupr\u00e8s de son propri\u00e9taire qui est repr\u00e9sent\u00e9 par la mairie. Cette portion de la voie publique que vous sollicitez sera r\u00e9serv\u00e9e au stationnement de votre v\u00e9hicule de d\u00e9m\u00e9nagement. Muni de cette autorisation, le stationnement de votre v\u00e9hicule de d\u00e9m\u00e9nagement ne sera pas entrav\u00e9 par les agents de la mairie ou de la police de circulation. Il convient de noter que cette demande doit \u00eatre soumise 10 \u00e0 15 jours avant la date du d\u00e9m\u00e9nagement. En outre, si vous \u00eates locataire, vous \u00eates oblig\u00e9 d&#8217;informer votre bailleur sur votre d\u00e9m\u00e9nagement environ 3 mois avant la date effective. Vous r\u00e9aliserez par la suite avec ce dernier un dernier \u00e9tat des lieux. Par contre, si vous \u00eates plut\u00f4t copropri\u00e9taire, vous devez informer votre syndic, afin qu&#8217;il vous fournisse par la suite un arr\u00eat\u00e9 de compte de charges. Le d\u00e9m\u00e9nagement peut aussi avoir des r\u00e9percussions n\u00e9gatives sur votre famille ; par ailleurs, vous devez veiller \u00e0 les r\u00e9duire au plus bas possible, en particulier chez les enfants. Car ces derniers sont ceux qui sont le plus souvent affect\u00e9s. Il vous est aussi possible de b\u00e9n\u00e9ficier d&#8217;un jour de cong\u00e9 lorsque vous souhaitez effectuer votre d\u00e9m\u00e9nagement, \u00e0 condition d&#8217;\u00eatre salari\u00e9. Car les fonctionnaires quant \u00e0 eux, b\u00e9n\u00e9ficient plut\u00f4t d&#8217;une permission sp\u00e9ciale d&#8217;absence. Cependant, une question demeure ; comment choisir son d\u00e9m\u00e9nageur ?<\/p>\n<h2>Les crit\u00e8res de choix d&#8217;un d\u00e9m\u00e9nageur<\/h2>\n<p>Bien qu&#8217;il soit plus \u00e9conomique de solliciter l&#8217;aide de ses proches lorsqu&#8217;on veut effectuer un d\u00e9m\u00e9nagement, il est plus judicieux de confier son d\u00e9m\u00e9nagement \u00e0 une entreprise de d\u00e9m\u00e9nagement. En effet, avec un <a href=\"https:\/\/demenageur.com\">demenageur<\/a> professionnel, votre mobilier est assur\u00e9 en cas de d\u00e9t\u00e9rioration et\/ou de perte et en cas de non-respect des d\u00e9lais de livraison. En outre, vous b\u00e9n\u00e9ficier des cartons de d\u00e9m\u00e9nagement \u00e0 volont\u00e9 ; car, certains particuliers ont souvent tendance \u00e0 se plaindre de l&#8217;absence de carton de d\u00e9m\u00e9nagement. Avec un d\u00e9m\u00e9nageur professionnel\u00a0vous n&#8217;aurez pas de probl\u00e8me avec les cartons de d\u00e9m\u00e9nagement. Certains crit\u00e8res doivent \u00eatre observ\u00e9s dans le choix de votre d\u00e9m\u00e9nageur. En outre, vous devez vous assurer que chacun des v\u00e9hicules de votre entreprise de d\u00e9m\u00e9nagement poss\u00e8de une licence de transport et que votre entreprise de d\u00e9m\u00e9nagement est bel et bien inscrite au registre des transporteurs et qu&#8217;elle est aussi immatricul\u00e9e aupr\u00e8s du registre des Commerces et des Soci\u00e9t\u00e9s. Par ailleurs, vous devez aussi v\u00e9rifier qu&#8217;elle est assur\u00e9e. N&#8217;oublier surtout pas de visiter la section d\u00e9di\u00e9e aux avis des clients, afin de consulter les diff\u00e9rents avis des clients et de savoir ce que ces derniers ont pens\u00e9 de leur prestation. Apr\u00e8s avoir observ\u00e9 tous ces param\u00e8tres, vous serez \u00e0 mesure de choisir votre entreprise de d\u00e9m\u00e9nagement.<\/p>\n","protected":false},"excerpt":{"rendered":"<p>La place du devis d\u00e9m\u00e9nagement dans un d\u00e9m\u00e9nagement Compte tenu de la place pr\u00e9pond\u00e9rante qu&#8217;occupe le devis d\u00e9m\u00e9nagement dans un d\u00e9m\u00e9nagement, et malgr\u00e9 le fait qu&#8217;il soit souvent omis \u00e0 tort de le faire, nous vous offrons la possibilit\u00e9 de r\u00e9aliser un devis d\u00e9m\u00e9nagement gratuitement. En outre, la plupart des individus qui pratiquent un d\u00e9m\u00e9nagement &hellip; <a href=\"https:\/\/www.transport-bourdon.com\/\" class=\"more-link\">Continue reading <span class=\"screen-reader-text\">Demenageur<\/span> <span class=\"meta-nav\">&rarr;<\/span><\/a><\/p>\n","protected":false},"author":1,"featured_media":0,"parent":0,"menu_order":0,"comment_status":"closed","ping_status":"closed","template":"","meta":{"_seopress_robots_primary_cat":"","_seopress_titles_title":"","_seopress_titles_desc":"","_seopress_robots_index":"","footnotes":""},"class_list":["post-6","page","type-page","status-publish","hentry"],"_links":{"self":[{"href":"https:\/\/www.transport-bourdon.com\/index.php\/wp-json\/wp\/v2\/pages\/6","targetHints":{"allow":["GET"]}}],"collection":[{"href":"https:\/\/www.transport-bourdon.com\/index.php\/wp-json\/wp\/v2\/pages"}],"about":[{"href":"https:\/\/www.transport-bourdon.com\/index.php\/wp-json\/wp\/v2\/types\/page"}],"author":[{"embeddable":true,"href":"https:\/\/www.transport-bourdon.com\/index.php\/wp-json\/wp\/v2\/users\/1"}],"replies":[{"embeddable":true,"href":"https:\/\/www.transport-bourdon.com\/index.php\/wp-json\/wp\/v2\/comments?post=6"}],"version-history":[{"count":6,"href":"https:\/\/www.transport-bourdon.com\/index.php\/wp-json\/wp\/v2\/pages\/6\/revisions"}],"predecessor-version":[{"id":17,"href":"https:\/\/www.transport-bourdon.com\/index.php\/wp-json\/wp\/v2\/pages\/6\/revisions\/17"}],"wp:attachment":[{"href":"https:\/\/www.transport-bourdon.com\/index.php\/wp-json\/wp\/v2\/media?parent=6"}],"curies":[{"name":"wp","href":"https:\/\/api.w.org\/{rel}","templated":true}]}}